{"id":666,"date":"2024-10-06T13:15:55","date_gmt":"2024-10-06T13:15:55","guid":{"rendered":"https:\/\/hematofesti.com\/index.php\/politica-de-privacidad\/"},"modified":"2024-10-26T17:14:55","modified_gmt":"2024-10-26T17:14:55","slug":"politica-de-privacidad","status":"publish","type":"page","link":"https:\/\/hematofesti.com\/es\/politica-de-privacidad\/","title":{"rendered":"Pol\u00edtica de privacidad"},"content":{"rendered":"\t\t<div data-elementor-type=\"wp-page\" data-elementor-id=\"666\" class=\"elementor elementor-666 elementor-535\" data-elementor-post-type=\"page\">\n\t\t\t\t<div class=\"elementor-element elementor-element-30a690e e-flex e-con-boxed e-con e-parent\" data-id=\"30a690e\" data-element_type=\"container\">\n\t\t\t\t\t<div class=\"e-con-inner\">\n\t\t\t\t<div class=\"elementor-element elementor-element-c0c1d0c elementor-widget elementor-widget-heading\" data-id=\"c0c1d0c\" data-element_type=\"widget\" data-widget_type=\"heading.default\">\n\t\t\t\t<div class=\"elementor-widget-container\">\n\t\t\t\t\t<h2 class=\"elementor-heading-title elementor-size-default\">Pol\u00edtica de privacidad<\/h2>\t\t\t\t<\/div>\n\t\t\t\t<\/div>\n\t\t\t\t<div class=\"elementor-element elementor-element-61688db elementor-widget elementor-widget-text-editor\" data-id=\"61688db\" data-element_type=\"widget\" data-widget_type=\"text-editor.default\">\n\t\t\t\t<div class=\"elementor-widget-container\">\n\t\t\t\t\t\t\t\t\t<p>En Hematofesti (en adelante, \u00abel Festival\u00bb), nos tomamos muy en serio la privacidad de nuestros visitantes. Por ello, queremos informarte de c\u00f3mo gestionamos tus datos personales al visitar nuestra p\u00e1gina web.<\/p>\n<p><strong>Recopilaci\u00f3n de Datos<\/strong><\/p>\n<p>Queremos destacar que la \u00fanica finalidad por la cual recogemos datos de los usuarios es para gestionar las reservas de plaza en las actividades con l\u00edmite de aforo, y nunca ser\u00e1n compartidas con terceras personas.<\/p>\n<p><strong>Cookies y Tecnolog\u00edas Similares<\/strong><\/p>\n<p>Aunque no recolectamos informaci\u00f3n personal directamente, nuestro sitio web puede utilizar cookies u otras tecnolog\u00edas similares para mejorar la experiencia del usuario y el rendimiento del sitio. Estas cookies no permiten identificar a los usuarios de forma individual.<\/p>\n<p>Puedes configurar tu navegador para bloquear o eliminar cookies si as\u00ed lo prefieres, aunque esto puede afectar el funcionamiento de algunas partes del sitio.<\/p>\n<p><strong>Enlaces Externos<\/strong><\/p>\n<p>Nuestra web puede contener enlaces a sitios web de terceros. Estos sitios tienen sus propias pol\u00edticas de privacidad, por lo que te recomendamos leerlas si decides acceder a ellos. No nos responsabilizamos por el contenido o las pr\u00e1cticas de privacidad de estos sitios externos.<\/p>\n<p><strong>Modificaciones a esta Pol\u00edtica de Privacidad<\/strong><\/p>\n<p>El Festival se reserva el derecho a modificar esta Pol\u00edtica de Privacidad para adaptarla a futuras novedades legislativas o cambios en la naturaleza de nuestro sitio web. Cualquier modificaci\u00f3n ser\u00e1 comunicada debidamente a trav\u00e9s de esta p\u00e1gina.<\/p>\n<p><strong>Responsable del Tratamiento<br \/>\n<\/strong><\/p>\n<ul>\n<li><strong>HEMATOFESTI S.L.U.<\/strong><\/li>\n<li><strong>CALLE TEIXUGUEIRAS, NUM 17<\/strong><br \/>\n<strong>PLANTA 7, PUERTA D<\/strong><br \/>\n<strong>36213 VIGO &#8211; (PONTEVEDRA)<\/strong><\/li>\n<li><strong>hematofesti@gmail.com<\/strong><\/li>\n<\/ul>\n\t\t\t\t\t\t\t\t<\/div>\n\t\t\t\t<\/div>\n\t\t\t\t\t<\/div>\n\t\t\t\t<\/div>\n\t\t\t\t<\/div>\n\t\t","protected":false},"excerpt":{"rendered":"<p>Pol\u00edtica de privacidad En Hematofesti (en adelante, \u00abel Festival\u00bb), nos tomamos muy en serio la privacidad de nuestros visitantes. Por ello, queremos informarte de c\u00f3mo gestionamos tus datos personales al visitar nuestra p\u00e1gina web. Recopilaci\u00f3n de Datos Queremos destacar que la \u00fanica finalidad por la cual recogemos datos de los usuarios es para gestionar las [&hellip;]<\/p>\n","protected":false},"author":1,"featured_media":0,"parent":0,"menu_order":0,"comment_status":"closed","ping_status":"closed","template":"","meta":{"footnotes":""},"class_list":["post-666","page","type-page","status-publish","hentry"],"_links":{"self":[{"href":"https:\/\/hematofesti.com\/es\/wp-json\/wp\/v2\/pages\/666","targetHints":{"allow":["GET"]}}],"collection":[{"href":"https:\/\/hematofesti.com\/es\/wp-json\/wp\/v2\/pages"}],"about":[{"href":"https:\/\/hematofesti.com\/es\/wp-json\/wp\/v2\/types\/page"}],"author":[{"embeddable":true,"href":"https:\/\/hematofesti.com\/es\/wp-json\/wp\/v2\/users\/1"}],"replies":[{"embeddable":true,"href":"https:\/\/hematofesti.com\/es\/wp-json\/wp\/v2\/comments?post=666"}],"version-history":[{"count":0,"href":"https:\/\/hematofesti.com\/es\/wp-json\/wp\/v2\/pages\/666\/revisions"}],"wp:attachment":[{"href":"https:\/\/hematofesti.com\/es\/wp-json\/wp\/v2\/media?parent=666"}],"curies":[{"name":"wp","href":"https:\/\/api.w.org\/{rel}","templated":true}]}}