{"id":661,"date":"2024-10-06T13:16:21","date_gmt":"2024-10-06T12:16:21","guid":{"rendered":"https:\/\/hematofesti.com\/index.php\/aviso-legal\/"},"modified":"2024-10-27T17:51:04","modified_gmt":"2024-10-27T16:51:04","slug":"aviso-legal","status":"publish","type":"page","link":"https:\/\/hematofesti.com\/es\/aviso-legal\/","title":{"rendered":"Aviso legal"},"content":{"rendered":"\t\t<div data-elementor-type=\"wp-page\" data-elementor-id=\"661\" class=\"elementor elementor-661 elementor-537\" data-elementor-post-type=\"page\">\n\t\t\t\t<div class=\"elementor-element elementor-element-027b5ef e-flex e-con-boxed e-con e-parent\" data-id=\"027b5ef\" data-element_type=\"container\">\n\t\t\t\t\t<div class=\"e-con-inner\">\n\t\t\t\t<div class=\"elementor-element elementor-element-7a5910b elementor-widget elementor-widget-heading\" data-id=\"7a5910b\" data-element_type=\"widget\" data-widget_type=\"heading.default\">\n\t\t\t\t<div class=\"elementor-widget-container\">\n\t\t\t\t\t<h1 class=\"elementor-heading-title elementor-size-default\">Aviso legal<\/h1>\t\t\t\t<\/div>\n\t\t\t\t<\/div>\n\t\t\t\t<div class=\"elementor-element elementor-element-0164e07 elementor-widget elementor-widget-text-editor\" data-id=\"0164e07\" data-element_type=\"widget\" data-widget_type=\"text-editor.default\">\n\t\t\t\t<div class=\"elementor-widget-container\">\n\t\t\t\t\t\t\t\t\t<h3>1. Identificaci\u00f3n del Responsable<\/h3>\n<p>En cumplimiento de lo dispuesto en la Ley 34\/2002 de Servicios de la Sociedad de la Informaci\u00f3n y del Comercio Electr\u00f3nico (LSSICE), informamos que el presente sitio web, Hematofesti, con la URL hematofesti.com, es gestionado por:<\/p>\n<ul>\n<li><strong>Nombre de la entidad organizadora<\/strong>: HEMATOFESTI S.L.U.<\/li>\n<li><strong>CIF\/NIF<\/strong>: B19442326<\/li>\n<li><strong>Domicilio social<\/strong>: CALLE TEIXUGUEIRAS, N\u00daM 17 PLANTA 7, PUERTA D, 36213 VIGO \u2013 (PONTEVEDRA)<\/li>\n<li><strong>Correo electr\u00f3nico<\/strong>: hematofesti@gmail.com<\/li>\n<\/ul>\n<h3>2. Condiciones de Uso<\/h3>\n<p>El acceso y uso de esta p\u00e1gina web implica la aceptaci\u00f3n plena de las siguientes condiciones de uso. El usuario se compromete a hacer un uso adecuado del sitio web y de sus contenidos, absteni\u00e9ndose de utilizarlo para:<\/p>\n<ul>\n<li>Realizar actividades il\u00edcitas o contrarias a la buena fe y al orden p\u00fablico.<\/li>\n<li>Difundir contenidos que promuevan el odio, la violencia, la discriminaci\u00f3n o cualquier otra actividad ilegal.<\/li>\n<li>Causar da\u00f1os en los sistemas f\u00edsicos y l\u00f3gicos del responsable del sitio web o de terceros, introducir o difundir virus inform\u00e1ticos o cualquier otro sistema que pueda causar perjuicio.<\/li>\n<\/ul>\n<h3>3. Propiedad Intelectual<\/h3>\n<p>Todos los contenidos de este sitio web (incluyendo, entre otros, textos, im\u00e1genes, gr\u00e1ficos, logotipos, iconos, botones, software, bases de datos y combinaciones de colores), as\u00ed como el dise\u00f1o y la estructura del sitio, son propiedad exclusiva de Hematofesti o de sus licenciantes, y est\u00e1n protegidos por la legislaci\u00f3n sobre propiedad intelectual e industrial.<\/p>\n<p>Se proh\u00edbe la reproducci\u00f3n, distribuci\u00f3n, comunicaci\u00f3n p\u00fablica, transformaci\u00f3n o cualquier otra actividad que se pueda realizar con los contenidos del sitio web, ni siquiera citando las fuentes, salvo consentimiento por escrito de Hematofesti.<\/p>\n<h3>4. Responsabilidad<\/h3>\n<p>Hematofesti no se hace responsable de los da\u00f1os o perjuicios que puedan derivarse de un uso incorrecto de esta p\u00e1gina web o de la informaci\u00f3n que se presenta en ella. Asimismo, no garantiza la disponibilidad continua ni el correcto funcionamiento de la p\u00e1gina web.<\/p>\n<p>El sitio web puede contener enlaces a sitios web de terceros. Hematofesti no se responsabiliza del contenido de estos sitios externos.<\/p>\n<h3>5. Protecci\u00f3n de Datos Personales<\/h3>\n<p>En virtud de lo dispuesto en el Reglamento (UE) 2016\/679 del Parlamento Europeo y del Consejo (Reglamento General de Protecci\u00f3n de Datos \u2013 RGPD), informamos a los usuarios que los datos personales recogidos a trav\u00e9s de los formularios de contacto o suscripci\u00f3n de esta p\u00e1gina web ser\u00e1n tratados por Hematofesti con la finalidad de gestionar las solicitudes de informaci\u00f3n y enviar comunicaciones relacionadas con el evento.<\/p>\n<p>El usuario podr\u00e1 ejercer sus derechos de acceso, rectificaci\u00f3n, cancelaci\u00f3n, oposici\u00f3n, limitaci\u00f3n y portabilidad de sus datos enviando una solicitud por escrito a la direcci\u00f3n indicada en la secci\u00f3n 1 de este Aviso Legal o a trav\u00e9s del correo electr\u00f3nico: hematofesti@gmail.com.<\/p>\n<h3>6. Legislaci\u00f3n Aplicable y Jurisdicci\u00f3n<\/h3>\n<p>Este Aviso Legal se rige por la legislaci\u00f3n espa\u00f1ola. Para la resoluci\u00f3n de cualquier controversia o conflicto derivado del acceso y uso de este sitio web, las partes se someten a los tribunales de la ciudad de Vigo, renunciando expresamente a cualquier otro fuero que pudiera corresponderles.<\/p>\n\t\t\t\t\t\t\t\t<\/div>\n\t\t\t\t<\/div>\n\t\t\t\t\t<\/div>\n\t\t\t\t<\/div>\n\t\t\t\t<\/div>\n\t\t","protected":false},"excerpt":{"rendered":"<p>Aviso legal 1. Identificaci\u00f3n del Responsable En cumplimiento de lo dispuesto en la Ley 34\/2002 de Servicios de la Sociedad de la Informaci\u00f3n y del Comercio Electr\u00f3nico (LSSICE), informamos que el presente sitio web, Hematofesti, con la URL hematofesti.com, es gestionado por: Nombre de la entidad organizadora: HEMATOFESTI S.L.U. CIF\/NIF: B19442326 Domicilio social: CALLE TEIXUGUEIRAS, [&hellip;]<\/p>\n","protected":false},"author":1,"featured_media":0,"parent":0,"menu_order":0,"comment_status":"closed","ping_status":"closed","template":"","meta":{"footnotes":""},"class_list":["post-661","page","type-page","status-publish","hentry"],"_links":{"self":[{"href":"https:\/\/hematofesti.com\/es\/wp-json\/wp\/v2\/pages\/661","targetHints":{"allow":["GET"]}}],"collection":[{"href":"https:\/\/hematofesti.com\/es\/wp-json\/wp\/v2\/pages"}],"about":[{"href":"https:\/\/hematofesti.com\/es\/wp-json\/wp\/v2\/types\/page"}],"author":[{"embeddable":true,"href":"https:\/\/hematofesti.com\/es\/wp-json\/wp\/v2\/users\/1"}],"replies":[{"embeddable":true,"href":"https:\/\/hematofesti.com\/es\/wp-json\/wp\/v2\/comments?post=661"}],"version-history":[{"count":2,"href":"https:\/\/hematofesti.com\/es\/wp-json\/wp\/v2\/pages\/661\/revisions"}],"predecessor-version":[{"id":2390,"href":"https:\/\/hematofesti.com\/es\/wp-json\/wp\/v2\/pages\/661\/revisions\/2390"}],"wp:attachment":[{"href":"https:\/\/hematofesti.com\/es\/wp-json\/wp\/v2\/media?parent=661"}],"curies":[{"name":"wp","href":"https:\/\/api.w.org\/{rel}","templated":true}]}}