{"id":2214,"date":"2024-10-06T13:20:31","date_gmt":"2024-10-06T12:20:31","guid":{"rendered":"https:\/\/hematofesti.com\/index.php\/politica-de-cookies\/"},"modified":"2024-10-31T12:14:04","modified_gmt":"2024-10-31T11:14:04","slug":"politica-de-cookies","status":"publish","type":"page","link":"https:\/\/hematofesti.com\/es\/politica-de-cookies\/","title":{"rendered":"Pol\u00edtica de cookies"},"content":{"rendered":"\t\t<div data-elementor-type=\"wp-page\" data-elementor-id=\"2214\" class=\"elementor elementor-2214 elementor-539\" data-elementor-post-type=\"page\">\n\t\t\t\t<div class=\"elementor-element elementor-element-99a0552 e-flex e-con-boxed e-con e-parent\" data-id=\"99a0552\" data-element_type=\"container\">\n\t\t\t\t\t<div class=\"e-con-inner\">\n\t\t\t\t<div class=\"elementor-element elementor-element-58511d8 elementor-widget elementor-widget-heading\" data-id=\"58511d8\" data-element_type=\"widget\" data-widget_type=\"heading.default\">\n\t\t\t\t<div class=\"elementor-widget-container\">\n\t\t\t\t\t<h2 class=\"elementor-heading-title elementor-size-default\">Pol\u00edtica de cookies<\/h2>\t\t\t\t<\/div>\n\t\t\t\t<\/div>\n\t\t\t\t<div class=\"elementor-element elementor-element-0c69380 elementor-widget elementor-widget-text-editor\" data-id=\"0c69380\" data-element_type=\"widget\" data-widget_type=\"text-editor.default\">\n\t\t\t\t<div class=\"elementor-widget-container\">\n\t\t\t\t\t\t\t\t\t<style>\r\n    a.cky-banner-element {<br \/>        padding: 8px 30px;<br \/>        background: #F8F9FA;<br \/>        color: #858A8F;<br \/>        border: 1px solid #DEE2E6;<br \/>        box-sizing: border-box;<br \/>        border-radius: 2px;<br \/>        cursor: pointer;<br \/>}<br \/><\/style>\r\n\r\nData de Efectividade: 27-Out-2024\r\n\u00daltima Actualizaci\u00f3n: 27-Out-2024\r\n<h5>Que son as cookies?<\/h5>\r\n<div class=\"cookie-policy-p\">\r\n\r\nEsta Pol\u00edtica de Cookies explica que son as cookies e como as usamos, os tipos de cookies que empregamos, \u00e9 dicir, a informaci\u00f3n que recollemos mediante cookies, como se usa esa informaci\u00f3n e como xestionar as preferencias de cookies.\r\n\r\nAs cookies son pequenos arquivos de texto que se usan para almacenar pequenos fragmentos de informaci\u00f3n. G\u00e1rdanse no seu dispositivo cando o sitio web se carga no seu navegador. Estas cookies ax\u00fadannos a que o sitio web funcione correctamente, a facelo m\u00e1is seguro, a proporcionar unha mellor experiencia de usuario, a comprender como funciona o sitio web e a analizar que funciona e onde precisa melloras.\r\n\r\n<\/div>\r\n<h5>Como usamos as cookies?<\/h5>\r\n<div class=\"cookie-policy-p\">\r\n\r\nComo a maior\u00eda dos servizos en li\u00f1a, o noso sitio web usa cookies propias e de terceiros para varios prop\u00f3sitos. As cookies propias son necesarias principalmente para que o sitio web funcione correctamente e non recollen ning\u00fan dato identificable persoal seu.\r\n\r\nAs cookies de terceiros que se usan no noso sitio web son principalmente para entender como funciona o sitio web, como interact\u00faa co noso sitio web, manter os nosos servizos seguros, proporcionar publicidade relevante para vostede, e en xeral ofrecerlle unha experiencia de usuario mellorada e axudar a acelerar as s\u00faas futuras interacci\u00f3ns co noso sitio web.\r\n\r\n<\/div>\r\n<h5>Tipos de Cookies que empregamos<\/h5>\r\n<div class=\"cky-audit-table-element\"><\/div>\r\n<h5 style=\"margin-bottom: 20px;\">Xestionar as preferencias de cookies<\/h5>\r\n<a class=\"cky-banner-element\">Configuraci\u00f3n de Cookies<\/a>\r\n<div>\r\n\r\nPode cambiar as s\u00faas preferencias de cookies en calquera momento facendo clic no bot\u00f3n anterior. Isto permitiralle volver a ver o banner de consentimento de cookies e cambiar as s\u00faas preferencias ou retirar o seu consentimento de inmediato.\r\n\r\nAdemais, os diferentes navegadores proporcionan diferentes m\u00e9todos para bloquear e eliminar cookies utilizadas polos sitios web. Pode cambiar a configuraci\u00f3n do seu navegador para bloquear\/eliminar as cookies. Abaixo listamos as ligaz\u00f3ns aos documentos de soporte sobre como xestionar e eliminar cookies nos principais navegadores web.\r\n\r\nChrome: <a href=\"https:\/\/support.google.com\/accounts\/answer\/32050\" target=\"_blank\" rel=\"noopener\">https:\/\/support.google.com\/accounts\/answer\/32050<\/a>\r\n\r\nSafari: <a href=\"https:\/\/support.apple.com\/en-in\/guide\/safari\/sfri11471\/mac\" target=\"_blank\" rel=\"noopener\">https:\/\/support.apple.com\/en-in\/guide\/safari\/sfri11471\/mac<\/a>\r\n\r\nFirefox: <a href=\"https:\/\/support.mozilla.org\/en-US\/kb\/clear-cookies-and-site-data-firefox?redirectslug=delete-cookies-remove-info-websites-stored&amp;redirectlocale=en-US\" target=\"_blank\" rel=\"noopener\">https:\/\/support.mozilla.org\/en-US\/kb\/clear-cookies-and-site-data-firefox?redirectslug=delete-cookies-remove-info-websites-stored&amp;redirectlocale=en-US<\/a>\r\n\r\nInternet Explorer: <a href=\"https:\/\/support.microsoft.com\/en-us\/topic\/how-to-delete-cookie-files-in-internet-explorer-bca9446f-d873-78de-77ba-d42645fa52fc\" target=\"_blank\" rel=\"noopener\">https:\/\/support.microsoft.com\/en-us\/topic\/how-to-delete-cookie-files-in-internet-explorer-bca9446f-d873-78de-77ba-d42645fa52fc<\/a>\r\n\r\nSe est\u00e1 a utilizar outro navegador web, visite os documentos oficiais de soporte do seu navegador.\r\n\r\n<\/div>\r\n<p class=\"cookie-policy-p\">Pol\u00edtica de Cookies Xerada Por <a href=\"https:\/\/www.cookieyes.com\/?utm_source=CP&amp;utm_medium=footer&amp;utm_campaign=UW\" target=\"_blank\" rel=\"noopener\">CookieYes &#8211; Xerador de Pol\u00edticas de Cookies<\/a>.<\/p>\t\t\t\t\t\t\t\t<\/div>\n\t\t\t\t<\/div>\n\t\t\t\t\t<\/div>\n\t\t\t\t<\/div>\n\t\t\t\t<\/div>\n\t\t","protected":false},"excerpt":{"rendered":"<p>Pol\u00edtica de cookies Data de Efectividade: 27-Out-2024 \u00daltima Actualizaci\u00f3n: 27-Out-2024 Que son as cookies? Esta Pol\u00edtica de Cookies explica que son as cookies e como as usamos, os tipos de cookies que empregamos, \u00e9 dicir, a informaci\u00f3n que recollemos mediante cookies, como se usa esa informaci\u00f3n e como xestionar as preferencias de cookies. As cookies [&hellip;]<\/p>\n","protected":false},"author":1,"featured_media":0,"parent":0,"menu_order":0,"comment_status":"closed","ping_status":"closed","template":"","meta":{"footnotes":""},"class_list":["post-2214","page","type-page","status-publish","hentry"],"_links":{"self":[{"href":"https:\/\/hematofesti.com\/es\/wp-json\/wp\/v2\/pages\/2214","targetHints":{"allow":["GET"]}}],"collection":[{"href":"https:\/\/hematofesti.com\/es\/wp-json\/wp\/v2\/pages"}],"about":[{"href":"https:\/\/hematofesti.com\/es\/wp-json\/wp\/v2\/types\/page"}],"author":[{"embeddable":true,"href":"https:\/\/hematofesti.com\/es\/wp-json\/wp\/v2\/users\/1"}],"replies":[{"embeddable":true,"href":"https:\/\/hematofesti.com\/es\/wp-json\/wp\/v2\/comments?post=2214"}],"version-history":[{"count":2,"href":"https:\/\/hematofesti.com\/es\/wp-json\/wp\/v2\/pages\/2214\/revisions"}],"predecessor-version":[{"id":2536,"href":"https:\/\/hematofesti.com\/es\/wp-json\/wp\/v2\/pages\/2214\/revisions\/2536"}],"wp:attachment":[{"href":"https:\/\/hematofesti.com\/es\/wp-json\/wp\/v2\/media?parent=2214"}],"curies":[{"name":"wp","href":"https:\/\/api.w.org\/{rel}","templated":true}]}}